{"id":5523,"date":"2016-07-21T11:25:51","date_gmt":"2016-07-21T11:25:51","guid":{"rendered":"https:\/\/musikayser.es\/?page_id=5523"},"modified":"2020-03-14T20:04:14","modified_gmt":"2020-03-14T20:04:14","slug":"fiestas-tematicas","status":"publish","type":"page","link":"https:\/\/musikayser.es\/?page_id=5523","title":{"rendered":"Fiestas tem\u00e1ticas"},"content":{"rendered":"<p><!--themify_builder_static--><\/p>\n<h1>Fiestas tem\u00e1ticas<\/h1>\n<p>En Musikayser pretendemos ser tu m\u00fasica de cabecera cuando de fiestas tem\u00e1ticas se trate. Si est\u00e1s buscando crear ese tipo de fiesta que a\u00fane originalidad a la par que diversi\u00f3n, nosotros podemos ayudarte.<\/p>\n<p>Nuestro amplio cat\u00e1logo musical (pop, rock, ritmos latinos, m\u00fasica negra, indie, m\u00fasica de baile&#8230;) es adaptable a la fiesta en la que est\u00e9s pensando. \u00bfQuieres una fiesta \u00abflower power\u00bb, ambientada en los a\u00f1os 60? No hay problema. \u00bfQuieres una fiesta ambientada en la \u00abmovida\u00bb ochentera? Sin problema. De todo y para todos.<\/p>\n<p>Experiencia (casi 20 a\u00f1os)<br>\nDiversos estilos: Funky, Soul, Disco, Rock, Electro, Salsa, Bachata, Pop, Indie&#8230;<br>\nTodas las \u00e9pocas: actualidad, a\u00f1os 90, a\u00f1os 80, a\u00f1os 70, a\u00f1os 60&#8230;<br>\nSonido ambiental<br>\nM\u00fasica en directo<br>\nIluminaci\u00f3n<br>\nPersonalizaci\u00f3n y merchandising<br>\nAdaptaci\u00f3n de presupuestos<\/p>\n<p>A parte de esto puedes echarle un ojo a nuestros servicios complementarios:&nbsp;<a href=\"https:\/\/musikayser.es\/fotografias\">Fotograf\u00edas<\/a> y <a href=\"https:\/\/musikayser.es\/karaoke\">Karaoke<\/a>. Queremos ser capaces de musicalizar la fiesta de tus sue\u00f1os. Da igual el estilo, la m\u00fasica no entiende de g\u00e9neros.<\/p>\n<p>As\u00ed que si te gustar\u00eda contratar este servicio de fiestas tem\u00e1ticas,&nbsp;o simplemente necesitas m\u00e1s informaci\u00f3n o te gustar\u00eda resolver alguna duda, no dudes en <a href=\"https:\/\/musikayser.es\/#contacto\">contactar con nosotros<\/a>.<\/p>\n<p><!--\/themify_builder_static--><\/p>\n\n<!-- wp:themify-builder\/canvas \/-->","protected":false},"excerpt":{"rendered":"<p>Fiestas tem\u00e1ticas En Musikayser pretendemos ser tu m\u00fasica de cabecera cuando de fiestas tem\u00e1ticas se trate. Si est\u00e1s buscando crear ese tipo de fiesta que a\u00fane originalidad a la par que diversi\u00f3n, nosotros podemos ayudarte. Nuestro amplio cat\u00e1logo musical (pop, rock, ritmos latinos, m\u00fasica negra, indie, m\u00fasica de baile&#8230;) es adaptable a la fiesta en [&hellip;]<\/p>\n","protected":false},"author":1,"featured_media":0,"parent":0,"menu_order":0,"comment_status":"closed","ping_status":"closed","template":"","meta":{"footnotes":""},"class_list":["post-5523","page","type-page","status-publish","hentry","has-post-title","has-post-date","has-post-category","has-post-tag","has-post-comment","has-post-author",""],"yoast_head":"<!-- This site is optimized with the Yoast SEO plugin v27.1.1 - https:\/\/yoast.com\/product\/yoast-seo-wordpress\/ -->\n<title>Fiestas tem\u00e1ticas - Musikayser.es<\/title>\n<meta name=\"description\" content=\"Musikayser es especialista en m\u00fasica para fiestas tem\u00e1ticas. Si quieres que tu fiesta suene mejor que ninguna otra, no lo dudes.\" \/>\n<meta name=\"robots\" content=\"index, follow, max-snippet:-1, max-image-preview:large, max-video-preview:-1\" \/>\n<link rel=\"canonical\" href=\"https:\/\/musikayser.es\/?page_id=5523\" \/>\n<meta property=\"og:locale\" content=\"es_ES\" \/>\n<meta property=\"og:type\" content=\"article\" \/>\n<meta property=\"og:title\" content=\"Fiestas tem\u00e1ticas - Musikayser.es\" \/>\n<meta property=\"og:description\" content=\"Musikayser es especialista en m\u00fasica para fiestas tem\u00e1ticas. Si quieres que tu fiesta suene mejor que ninguna otra, no lo dudes.\" \/>\n<meta property=\"og:url\" content=\"https:\/\/musikayser.es\/?page_id=5523\" \/>\n<meta property=\"og:site_name\" content=\"Musikayser.es\" \/>\n<meta property=\"article:modified_time\" content=\"2020-03-14T20:04:14+00:00\" \/>\n<meta name=\"twitter:label1\" content=\"Tiempo de lectura\" \/>\n\t<meta name=\"twitter:data1\" content=\"1 minuto\" \/>\n<script type=\"application\/ld+json\" class=\"yoast-schema-graph\">{\"@context\":\"https:\/\/schema.org\",\"@graph\":[{\"@type\":\"WebPage\",\"@id\":\"https:\/\/musikayser.es\/?page_id=5523\",\"url\":\"https:\/\/musikayser.es\/?page_id=5523\",\"name\":\"Fiestas tem\u00e1ticas - Musikayser.es\",\"isPartOf\":{\"@id\":\"https:\/\/musikayser.es\/#website\"},\"datePublished\":\"2016-07-21T11:25:51+00:00\",\"dateModified\":\"2020-03-14T20:04:14+00:00\",\"description\":\"Musikayser es especialista en m\u00fasica para fiestas tem\u00e1ticas. Si quieres que tu fiesta suene mejor que ninguna otra, no lo dudes.\",\"breadcrumb\":{\"@id\":\"https:\/\/musikayser.es\/?page_id=5523#breadcrumb\"},\"inLanguage\":\"es\",\"potentialAction\":[{\"@type\":\"ReadAction\",\"target\":[\"https:\/\/musikayser.es\/?page_id=5523\"]}]},{\"@type\":\"BreadcrumbList\",\"@id\":\"https:\/\/musikayser.es\/?page_id=5523#breadcrumb\",\"itemListElement\":[{\"@type\":\"ListItem\",\"position\":1,\"name\":\"Portada\",\"item\":\"https:\/\/musikayser.es\/\"},{\"@type\":\"ListItem\",\"position\":2,\"name\":\"Fiestas tem\u00e1ticas\"}]},{\"@type\":\"WebSite\",\"@id\":\"https:\/\/musikayser.es\/#website\",\"url\":\"https:\/\/musikayser.es\/\",\"name\":\"Musikayser.es\",\"description\":\"Animacion musical para cualquier evento\",\"potentialAction\":[{\"@type\":\"SearchAction\",\"target\":{\"@type\":\"EntryPoint\",\"urlTemplate\":\"https:\/\/musikayser.es\/?s={search_term_string}\"},\"query-input\":{\"@type\":\"PropertyValueSpecification\",\"valueRequired\":true,\"valueName\":\"search_term_string\"}}],\"inLanguage\":\"es\"}]}<\/script>\n<!-- \/ Yoast SEO plugin. -->","yoast_head_json":{"title":"Fiestas tem\u00e1ticas - Musikayser.es","description":"Musikayser es especialista en m\u00fasica para fiestas tem\u00e1ticas. Si quieres que tu fiesta suene mejor que ninguna otra, no lo dudes.","robots":{"index":"index","follow":"follow","max-snippet":"max-snippet:-1","max-image-preview":"max-image-preview:large","max-video-preview":"max-video-preview:-1"},"canonical":"https:\/\/musikayser.es\/?page_id=5523","og_locale":"es_ES","og_type":"article","og_title":"Fiestas tem\u00e1ticas - Musikayser.es","og_description":"Musikayser es especialista en m\u00fasica para fiestas tem\u00e1ticas. Si quieres que tu fiesta suene mejor que ninguna otra, no lo dudes.","og_url":"https:\/\/musikayser.es\/?page_id=5523","og_site_name":"Musikayser.es","article_modified_time":"2020-03-14T20:04:14+00:00","twitter_misc":{"Tiempo de lectura":"1 minuto"},"schema":{"@context":"https:\/\/schema.org","@graph":[{"@type":"WebPage","@id":"https:\/\/musikayser.es\/?page_id=5523","url":"https:\/\/musikayser.es\/?page_id=5523","name":"Fiestas tem\u00e1ticas - Musikayser.es","isPartOf":{"@id":"https:\/\/musikayser.es\/#website"},"datePublished":"2016-07-21T11:25:51+00:00","dateModified":"2020-03-14T20:04:14+00:00","description":"Musikayser es especialista en m\u00fasica para fiestas tem\u00e1ticas. Si quieres que tu fiesta suene mejor que ninguna otra, no lo dudes.","breadcrumb":{"@id":"https:\/\/musikayser.es\/?page_id=5523#breadcrumb"},"inLanguage":"es","potentialAction":[{"@type":"ReadAction","target":["https:\/\/musikayser.es\/?page_id=5523"]}]},{"@type":"BreadcrumbList","@id":"https:\/\/musikayser.es\/?page_id=5523#breadcrumb","itemListElement":[{"@type":"ListItem","position":1,"name":"Portada","item":"https:\/\/musikayser.es\/"},{"@type":"ListItem","position":2,"name":"Fiestas tem\u00e1ticas"}]},{"@type":"WebSite","@id":"https:\/\/musikayser.es\/#website","url":"https:\/\/musikayser.es\/","name":"Musikayser.es","description":"Animacion musical para cualquier evento","potentialAction":[{"@type":"SearchAction","target":{"@type":"EntryPoint","urlTemplate":"https:\/\/musikayser.es\/?s={search_term_string}"},"query-input":{"@type":"PropertyValueSpecification","valueRequired":true,"valueName":"search_term_string"}}],"inLanguage":"es"}]}},"builder_content":"<h1>Fiestas tem\u00e1ticas<\/h1><p>En Musikayser pretendemos ser tu m\u00fasica de cabecera cuando de fiestas tem\u00e1ticas se trate. Si est\u00e1s buscando crear ese tipo de fiesta que a\u00fane originalidad a la par que diversi\u00f3n, nosotros podemos ayudarte.<\/p><p>Nuestro amplio cat\u00e1logo musical (pop, rock, ritmos latinos, m\u00fasica negra, indie, m\u00fasica de baile...) es adaptable a la fiesta en la que est\u00e9s pensando. \u00bfQuieres una fiesta \"flower power\", ambientada en los a\u00f1os 60? No hay problema. \u00bfQuieres una fiesta ambientada en la \"movida\" ochentera? Sin problema. De todo y para todos.<\/p>\n<em ><svg aria-hidden=\"true\"><use href=\"#tf-far-thumbs-up\"><\/use><\/svg><\/em> Experiencia (casi 20 a\u00f1os)\n<em ><svg aria-hidden=\"true\"><use href=\"#tf-far-thumbs-up\"><\/use><\/svg><\/em> Diversos estilos: Funky, Soul, Disco, Rock, Electro, Salsa, Bachata, Pop, Indie...\n<em ><svg aria-hidden=\"true\"><use href=\"#tf-far-thumbs-up\"><\/use><\/svg><\/em> Todas las \u00e9pocas: actualidad, a\u00f1os 90, a\u00f1os 80, a\u00f1os 70, a\u00f1os 60...\n<em ><svg aria-hidden=\"true\"><use href=\"#tf-far-thumbs-up\"><\/use><\/svg><\/em> Sonido ambiental\n<em ><svg aria-hidden=\"true\"><use href=\"#tf-far-thumbs-up\"><\/use><\/svg><\/em> M\u00fasica en directo\n<em ><svg aria-hidden=\"true\"><use href=\"#tf-far-thumbs-up\"><\/use><\/svg><\/em> Iluminaci\u00f3n\n<em ><svg aria-hidden=\"true\"><use href=\"#tf-far-thumbs-up\"><\/use><\/svg><\/em> Personalizaci\u00f3n y merchandising\n<em ><svg aria-hidden=\"true\"><use href=\"#tf-far-thumbs-up\"><\/use><\/svg><\/em> Adaptaci\u00f3n de presupuestos\n<p>A parte de esto puedes echarle un ojo a nuestros servicios complementarios:\u00a0<a href=\"https:\/\/musikayser.es\/fotografias\">Fotograf\u00edas<\/a> y <a href=\"https:\/\/musikayser.es\/karaoke\">Karaoke<\/a>. Queremos ser capaces de musicalizar la fiesta de tus sue\u00f1os. Da igual el estilo, la m\u00fasica no entiende de g\u00e9neros.<\/p><p>As\u00ed que si te gustar\u00eda contratar este servicio de fiestas tem\u00e1ticas,\u00a0o simplemente necesitas m\u00e1s informaci\u00f3n o te gustar\u00eda resolver alguna duda, no dudes en <a href=\"https:\/\/musikayser.es\/#contacto\">contactar con nosotros<\/a>.<\/p>","_links":{"self":[{"href":"https:\/\/musikayser.es\/index.php?rest_route=\/wp\/v2\/pages\/5523","targetHints":{"allow":["GET"]}}],"collection":[{"href":"https:\/\/musikayser.es\/index.php?rest_route=\/wp\/v2\/pages"}],"about":[{"href":"https:\/\/musikayser.es\/index.php?rest_route=\/wp\/v2\/types\/page"}],"author":[{"embeddable":true,"href":"https:\/\/musikayser.es\/index.php?rest_route=\/wp\/v2\/users\/1"}],"replies":[{"embeddable":true,"href":"https:\/\/musikayser.es\/index.php?rest_route=%2Fwp%2Fv2%2Fcomments&post=5523"}],"version-history":[{"count":1,"href":"https:\/\/musikayser.es\/index.php?rest_route=\/wp\/v2\/pages\/5523\/revisions"}],"predecessor-version":[{"id":5688,"href":"https:\/\/musikayser.es\/index.php?rest_route=\/wp\/v2\/pages\/5523\/revisions\/5688"}],"wp:attachment":[{"href":"https:\/\/musikayser.es\/index.php?rest_route=%2Fwp%2Fv2%2Fmedia&parent=5523"}],"curies":[{"name":"wp","href":"https:\/\/api.w.org\/{rel}","templated":true}]}}